{"id":2,"date":"2023-01-26T14:24:58","date_gmt":"2023-01-26T14:24:58","guid":{"rendered":"https:\/\/www.familiebo.no\/?page_id=2"},"modified":"2025-02-04T09:50:51","modified_gmt":"2025-02-04T09:50:51","slug":"sample-page","status":"publish","type":"page","link":"https:\/\/www.familiebo.no\/","title":{"rendered":"Om oss &#8211; FamilieBo"},"content":{"rendered":"\n<p>Vi har i mer enn 30 \u00e5r tegnet fasadeendringer, tilbygg, p\u00e5bygg, naust, garasjer og andre sm\u00e5bygg. <\/p>\n\n\n\n<p>Med \u00f8nske om \u00e5 designe sm\u00e5, smarte og funksjonelle designl\u00f8sninger ble det i 2020 startet Sm\u00e5Bo, som spesialiserer seg p\u00e5 boliger inntil 100m\u00b2. <br>Det har v\u00e6rt mange positive tilbakemeldinger p\u00e5 v\u00e5re design, og noen har etterspurt modeller med litt mer plass til hele familien &#8211; derfor <em><strong>FamilieBo<\/strong><\/em>. <br>Med <em><strong>FamilieBo<\/strong><\/em> fortsetter vi med smarte l\u00f8sninger til eneboliger, tomannsboliger og rekkehus fra 100m\u00b2 og oppover &#8211; og gjerne med mulighet for utleie. Det skal ogs\u00e5 v\u00e6re gode muligheter for utvidelser om en trenger enda mer plass, vil koble p\u00e5 en garasje, en carport eller en ekstra uteplass.<\/p>\n\n\n\n<p>Vi fors\u00f8ker \u00e5 tilpasse de enkelte modellene til bruk i hele v\u00e5rt langstrakte land og varierende klima. De har derfor alltid overbygget inngangsparti og skal i st\u00f8rst mulig grad kunne brukes like godt til flate og skr\u00e5 tomter uten store justeringer. <\/p>\n\n\n\n<p>Alle FamilieBo-modellene blir designet og prosjektert i Norge for det varierte norske klimaet. <br>Vi foretrekker \u00e5 levere boligen gjennom en lokal forhandler\/byggmester og vi bruker kun leveranser fra norske produsenter og leverand\u00f8rer. Dette vet vi f\u00f8rer til mindre misforst\u00e5elser, bedre produktkvalitet og kortere vei til l\u00f8sning om det skulle oppst\u00e5 endringer underveis eller reklamasjoner i etterkant.<\/p>\n\n\n\n<p>Forel\u00f8pig har vi to design klare som ble presenteres sommeren 2023 &#8211; \u00e9n enebolig og \u00e9n to-bolig, med flere flotte design p\u00e5 vei. Vi tegner gjerne din dr\u00f8mmebolig og \/ eller designer noe til din dr\u00f8mmetomt.<\/p>\n\n\n<div class=\"wp-block-image\">\n<figure class=\"aligncenter size-full\"><img loading=\"lazy\" decoding=\"async\" width=\"284\" height=\"71\" src=\"https:\/\/www.familiebo.no\/wp-content\/uploads\/2023\/03\/FamilieBo-LogoTekst-grey-284x71-1.png\" alt=\"\" class=\"wp-image-20\"\/><\/figure>\n<\/div>\n\n\n<hr class=\"wp-block-separator has-alpha-channel-opacity\"\/>\n\n\n\n<h2 class=\"wp-block-heading\">Kontakt oss her \ud83d\ude42<\/h2>\n\n\n\n<div class=\"wpcf7 no-js\" id=\"wpcf7-f67-o1\" lang=\"nb-NO\" dir=\"ltr\" data-wpcf7-id=\"67\">\n<div class=\"screen-reader-response\"><p role=\"status\" aria-live=\"polite\" aria-atomic=\"true\"><\/p> <ul><\/ul><\/div>\n<form action=\"\/index.php?rest_route=%2Fwp%2Fv2%2Fpages%2F2#wpcf7-f67-o1\" method=\"post\" class=\"wpcf7-form init\" aria-label=\"Kontaktskjema\" novalidate=\"novalidate\" data-status=\"init\">\n<fieldset class=\"hidden-fields-container\"><input type=\"hidden\" name=\"_wpcf7\" value=\"67\" \/><input type=\"hidden\" name=\"_wpcf7_version\" value=\"6.1.5\" \/><input type=\"hidden\" name=\"_wpcf7_locale\" value=\"nb_NO\" \/><input type=\"hidden\" name=\"_wpcf7_unit_tag\" value=\"wpcf7-f67-o1\" \/><input type=\"hidden\" name=\"_wpcf7_container_post\" value=\"0\" \/><input type=\"hidden\" name=\"_wpcf7_posted_data_hash\" value=\"\" \/>\n<\/fieldset>\n<p><label> Ditt navn<br \/>\n<span class=\"wpcf7-form-control-wrap\" data-name=\"your-name\"><input size=\"40\" maxlength=\"400\" class=\"wpcf7-form-control wpcf7-text wpcf7-validates-as-required\" autocomplete=\"name\" aria-required=\"true\" aria-invalid=\"false\" value=\"\" type=\"text\" name=\"your-name\" \/><\/span> <\/label>\n<\/p>\n<p><label> Din e-post<br \/>\n<span class=\"wpcf7-form-control-wrap\" data-name=\"your-email\"><input size=\"40\" maxlength=\"400\" class=\"wpcf7-form-control wpcf7-email wpcf7-validates-as-required wpcf7-text wpcf7-validates-as-email\" autocomplete=\"email\" aria-required=\"true\" aria-invalid=\"false\" value=\"\" type=\"email\" name=\"your-email\" \/><\/span> <\/label>\n<\/p>\n<p><label> Emne<br \/>\n<span class=\"wpcf7-form-control-wrap\" data-name=\"your-subject\"><input size=\"40\" maxlength=\"400\" class=\"wpcf7-form-control wpcf7-text wpcf7-validates-as-required\" aria-required=\"true\" aria-invalid=\"false\" value=\"\" type=\"text\" name=\"your-subject\" \/><\/span> <\/label>\n<\/p>\n<p><label> Din melding (frivillig)<br \/>\n<span class=\"wpcf7-form-control-wrap\" data-name=\"your-message\"><textarea cols=\"40\" rows=\"10\" maxlength=\"2000\" class=\"wpcf7-form-control wpcf7-textarea\" aria-invalid=\"false\" name=\"your-message\"><\/textarea><\/span> <\/label>\n<\/p>\n<p><input class=\"wpcf7-form-control wpcf7-submit has-spinner\" type=\"submit\" value=\"Send inn\" \/>\n<\/p><div class=\"wpcf7-response-output\" aria-hidden=\"true\"><\/div>\n<\/form>\n<\/div>\n\n","protected":false},"excerpt":{"rendered":"<p>Vi har i mer enn 30 \u00e5r tegnet fasadeendringer, tilbygg, p\u00e5bygg, naust, garasjer og andre sm\u00e5bygg. Med \u00f8nske om \u00e5 designe sm\u00e5, smarte og funksjonelle designl\u00f8sninger ble det i 2020 startet Sm\u00e5Bo, som spesialiserer seg p\u00e5 boliger inntil 100m\u00b2. Det har v\u00e6rt mange positive tilbakemeldinger p\u00e5 v\u00e5re design, og noen har etterspurt modeller med litt [&hellip;]<\/p>\n","protected":false},"author":1,"featured_media":0,"parent":0,"menu_order":0,"comment_status":"closed","ping_status":"closed","template":"","meta":{"footnotes":""},"class_list":["post-2","page","type-page","status-publish","hentry"],"_links":{"self":[{"href":"https:\/\/www.familiebo.no\/index.php?rest_route=\/wp\/v2\/pages\/2","targetHints":{"allow":["GET"]}}],"collection":[{"href":"https:\/\/www.familiebo.no\/index.php?rest_route=\/wp\/v2\/pages"}],"about":[{"href":"https:\/\/www.familiebo.no\/index.php?rest_route=\/wp\/v2\/types\/page"}],"author":[{"embeddable":true,"href":"https:\/\/www.familiebo.no\/index.php?rest_route=\/wp\/v2\/users\/1"}],"replies":[{"embeddable":true,"href":"https:\/\/www.familiebo.no\/index.php?rest_route=%2Fwp%2Fv2%2Fcomments&post=2"}],"version-history":[{"count":8,"href":"https:\/\/www.familiebo.no\/index.php?rest_route=\/wp\/v2\/pages\/2\/revisions"}],"predecessor-version":[{"id":71,"href":"https:\/\/www.familiebo.no\/index.php?rest_route=\/wp\/v2\/pages\/2\/revisions\/71"}],"wp:attachment":[{"href":"https:\/\/www.familiebo.no\/index.php?rest_route=%2Fwp%2Fv2%2Fmedia&parent=2"}],"curies":[{"name":"wp","href":"https:\/\/api.w.org\/{rel}","templated":true}]}}